{"id":13300,"date":"2022-10-24T10:21:35","date_gmt":"2022-10-24T08:21:35","guid":{"rendered":"https:\/\/villa-casacoco.com\/?page_id=13300"},"modified":"2025-04-22T17:47:19","modified_gmt":"2025-04-22T15:47:19","slug":"conditions-generales-vente","status":"publish","type":"page","link":"https:\/\/villa-casacoco.com\/en\/conditions-generales-vente\/","title":{"rendered":"GENERAL TERMS AND CONDITIONS"},"content":{"rendered":"<div data-elementor-type=\"wp-page\" data-elementor-id=\"13300\" class=\"elementor elementor-13300\">\n\t\t\t\t\t\t<section class=\"elementor-section elementor-top-section elementor-element elementor-element-5cf5287b elementor-section-boxed elementor-section-height-default elementor-section-height-default\" data-id=\"5cf5287b\" data-element_type=\"section\" data-e-type=\"section\">\n\t\t\t\t\t\t<div class=\"elementor-container elementor-column-gap-default\">\n\t\t\t\t\t<div class=\"elementor-column elementor-col-100 elementor-top-column elementor-element elementor-element-b3ca8ac\" data-id=\"b3ca8ac\" data-element_type=\"column\" data-e-type=\"column\">\n\t\t\t<div class=\"elementor-widget-wrap elementor-element-populated\">\n\t\t\t\t\t\t<div class=\"elementor-element elementor-element-2a170d60 elementor-widget elementor-widget-text-editor\" data-id=\"2a170d60\" data-element_type=\"widget\" data-e-type=\"widget\" data-widget_type=\"text-editor.default\">\n\t\t\t\t<div class=\"elementor-widget-container\">\n\t\t\t\t\t\t\t\t\t<h2>General terms and conditions of sale and cancellation policy<\/h2><h3>General provisions<\/h3><p>All bookings automatically imply acceptance of all these general terms and conditions of sale.<br \/>Under no circumstances may the tenant take advantage of a right to remain in the premises at the end of the rental period stipulated in the contract. The tenant must leave the premises immediately on the last day of the rental contract.<br \/>The tenant uses the villa in a respectable manner and puts it to good use.<br \/>No other outsider may take advantage of the rental of the villa, on pain of immediate exclusion of the tenants.<\/p><p>No reimbursement will be made for any damage caused.<\/p><h4><a href=\"https:\/\/villa-casacoco.com\/en\/villa-casa-coco\/\" target=\"_blank\" rel=\"noopener\">Villa Casa Coco<\/a><\/h4><p>The villa can accommodate a maximum of 8 adults, plus 2 children\/adolescents. No additional people will be allowed to stay in the villa.<br \/>- Chambre L'Ilet Madame: maximum 2 people<br \/>- Les Salines room: 4 people maximum: 2 adults + 2 children\/adolescents<br \/>- Coco Bay room: 2 people maximum<br \/>- Fond Banane room: 2 people maximum<\/p><h4>\u00a0<\/h4><h4>Outdoor area :<\/h4><p>A barbecue is available. Full cleaning is compulsory, failing which a charge of 80 euros will be made.<br \/>The swimming pool is accessible day and night, as long as it is used properly.<br \/>Maintenance is carried out once a week by our swimming pool specialist. Access is authorised from the outside, so as not to disturb you too much.<\/p><p>But under no circumstances can you refuse him access.<\/p><h5>\u00a0<\/h5><h5>Childproof lock<\/h5><p>We would like to warn you about young children having access to the pool. A safety net is available to secure access. Please remember to put it in place. If you fail to do so, we decline all responsibility.<\/p><h3>\u00a0<\/h3><h3>Various<\/h3><p>All appliances are in good working order. If you notice a fault or malfunction, please let us know.<\/p><p>Pets are not allowed in the villa or on the entire property.<\/p><p>Smoking is strictly prohibited inside the villa.<br \/>No parties are allowed.<br \/>You agree to respect the neighbourhood as a whole. The peace and quiet of the estate is appreciated by all, so thank you for contributing to it.<\/p><h4>\u00a0<\/h4><h4>Entry and exit<\/h4><p>Arrivals: from 4pm.<br \/>Departures: 10.00 am.<br \/>Maintenance of the <a href=\"https:\/\/goo.gl\/maps\/Zzo79CCt2aCDw8kFA\" target=\"_blank\" rel=\"noopener\">Villa<\/a> is provided by Sandy, who takes care of the entire rental.<br \/>We ask you to keep the villa clean and tidy during your stay, out of respect for people and property.<\/p><p>An inventory of fixtures will be carried out before your departure.<\/p><p>In the event of damage, we will be obliged to deduct a penalty from the security deposit.<br \/>Our concierge will clean your apartment at the end of your stay.<\/p><h4>\u00a0<\/h4><h4>Payment<\/h4><h5>Villa rental price<\/h5><p>All prices are per night and include VAT.<br \/>They vary according to 4 seasonal periods.<br \/>A deposit of 50% of the price of your stay is payable on booking.<br \/>The balance must be paid no later than 30 days before your arrival. Failing this, your booking will be automatically cancelled and the deposit will not be refunded.<\/p><h5>Tourist tax<\/h5><p>Tourist tax is \u20ac1.50 per person per day, except for minors (aged 0-18).<\/p><h5>Cleaning costs<\/h5><p>A cleaning fee of \u20ac200 is compulsory and must be paid on arrival.<\/p><h5>Deposit<\/h5><p>A deposit of 1900 euros is required and must be paid by cheque on arrival at the villa.<br \/>The deposit cheque will not be cashed and will be returned to you within 7 days of your departure, once you have checked out.<\/p><h4>\u00a0<\/h4><h4>Cancellation policy<\/h4><p>Any request for cancellation or modification must be notified to us by e-mail.<br \/>You will also receive a reply in writing, setting out the amount to be reimbursed or not.<\/p><h5>General cancellation conditions :<\/h5><p>- More than 2 months before the arrival date: 50% will refund any sums already paid.<\/p><p>- Less than 2 months before the arrival date: no refund will be made except in cases of force majeure.<\/p>\t\t\t\t\t\t\t\t<\/div>\n\t\t\t\t<\/div>\n\t\t\t\t\t<\/div>\n\t\t<\/div>\n\t\t\t\t\t<\/div>\n\t\t<\/section>\n\t\t\t\t<\/div>","protected":false},"excerpt":{"rendered":"<p>General terms and conditions of sale and cancellation policy General provisions Any reservation automatically implies acceptance of all of these general terms and conditions of sale.The tenant may not, under any circumstances, take advantage of a right to remain in the premises at the end of the rental period stipulated in the contract. The tenant must leave the premises,...<\/p>","protected":false},"author":1,"featured_media":13812,"parent":0,"menu_order":1,"comment_status":"closed","ping_status":"closed","template":"","meta":{"footnotes":""},"class_list":["post-13300","page","type-page","status-publish","has-post-thumbnail","hentry"],"yoast_head":"<!-- This site is optimized with the Yoast SEO plugin v27.2 - https:\/\/yoast.com\/product\/yoast-seo-wordpress\/ -->\n<title>Conditions g\u00e9n\u00e9rales de vente (CGV) - Villa Casa Coco<\/title>\n<meta name=\"description\" content=\"Retrouvez ici toutes nos CGV, afin de passer un agr\u00e9able s\u00e9jour. Nous vous conseillons de lire nos conditions avant r\u00e9servation.\" \/>\n<meta name=\"robots\" content=\"index, follow, max-snippet:-1, max-image-preview:large, max-video-preview:-1\" \/>\n<link rel=\"canonical\" href=\"https:\/\/villa-casacoco.com\/en\/conditions-generales-vente\/\" \/>\n<meta property=\"og:locale\" content=\"en_GB\" \/>\n<meta property=\"og:type\" content=\"article\" \/>\n<meta property=\"og:title\" content=\"Conditions g\u00e9n\u00e9rales de vente (CGV) - Villa Casa Coco\" \/>\n<meta property=\"og:description\" content=\"Retrouvez ici toutes nos CGV, afin de passer un agr\u00e9able s\u00e9jour. Nous vous conseillons de lire nos conditions avant r\u00e9servation.\" \/>\n<meta property=\"og:url\" content=\"https:\/\/villa-casacoco.com\/en\/conditions-generales-vente\/\" \/>\n<meta property=\"og:site_name\" content=\"Villa Casa Coco\" \/>\n<meta property=\"article:modified_time\" content=\"2025-04-22T15:47:19+00:00\" \/>\n<meta property=\"og:image\" content=\"https:\/\/villa-casacoco.com\/wp-content\/uploads\/2022\/11\/fleur_casa-coco-min-scaled.jpg\" \/>\n\t<meta property=\"og:image:width\" content=\"1920\" \/>\n\t<meta property=\"og:image:height\" content=\"2560\" \/>\n\t<meta property=\"og:image:type\" content=\"image\/jpeg\" \/>\n<script type=\"application\/ld+json\" class=\"yoast-schema-graph\">{\"@context\":\"https:\/\/schema.org\",\"@graph\":[{\"@type\":\"WebPage\",\"@id\":\"https:\/\/villa-casacoco.com\/conditions-generales-vente\/\",\"url\":\"https:\/\/villa-casacoco.com\/conditions-generales-vente\/\",\"name\":\"Conditions g\u00e9n\u00e9rales de vente (CGV) - Villa Casa Coco\",\"isPartOf\":{\"@id\":\"https:\/\/villa-casacoco.com\/#website\"},\"primaryImageOfPage\":{\"@id\":\"https:\/\/villa-casacoco.com\/conditions-generales-vente\/#primaryimage\"},\"image\":{\"@id\":\"https:\/\/villa-casacoco.com\/conditions-generales-vente\/#primaryimage\"},\"thumbnailUrl\":\"https:\/\/villa-casacoco.com\/wp-content\/uploads\/2022\/11\/fleur_casa-coco-min-scaled.jpg\",\"datePublished\":\"2022-10-24T08:21:35+00:00\",\"dateModified\":\"2025-04-22T15:47:19+00:00\",\"description\":\"Retrouvez ici toutes nos CGV, afin de passer un agr\u00e9able s\u00e9jour. Nous vous conseillons de lire nos conditions avant r\u00e9servation.\",\"breadcrumb\":{\"@id\":\"https:\/\/villa-casacoco.com\/conditions-generales-vente\/#breadcrumb\"},\"inLanguage\":\"en-GB\",\"potentialAction\":[{\"@type\":\"ReadAction\",\"target\":[\"https:\/\/villa-casacoco.com\/conditions-generales-vente\/\"]}]},{\"@type\":\"ImageObject\",\"inLanguage\":\"en-GB\",\"@id\":\"https:\/\/villa-casacoco.com\/conditions-generales-vente\/#primaryimage\",\"url\":\"https:\/\/villa-casacoco.com\/wp-content\/uploads\/2022\/11\/fleur_casa-coco-min-scaled.jpg\",\"contentUrl\":\"https:\/\/villa-casacoco.com\/wp-content\/uploads\/2022\/11\/fleur_casa-coco-min-scaled.jpg\",\"width\":1920,\"height\":2560,\"caption\":\"Vue mer, Piscine, Villa, Cosy, Calme, Martinique, Location, Casa Coco\"},{\"@type\":\"BreadcrumbList\",\"@id\":\"https:\/\/villa-casacoco.com\/conditions-generales-vente\/#breadcrumb\",\"itemListElement\":[{\"@type\":\"ListItem\",\"position\":1,\"name\":\"Accueil\",\"item\":\"https:\/\/villa-casacoco.com\/\"},{\"@type\":\"ListItem\",\"position\":2,\"name\":\"CGV\"}]},{\"@type\":\"WebSite\",\"@id\":\"https:\/\/villa-casacoco.com\/#website\",\"url\":\"https:\/\/villa-casacoco.com\/\",\"name\":\"Villa Casa Coco\",\"description\":\"Location de r\u00eave en Martinique\",\"publisher\":{\"@id\":\"https:\/\/villa-casacoco.com\/#\/schema\/person\/9d35bf5ab114409ecd78a9fdb4af44fe\"},\"alternateName\":\"Casa Coco\",\"potentialAction\":[{\"@type\":\"SearchAction\",\"target\":{\"@type\":\"EntryPoint\",\"urlTemplate\":\"https:\/\/villa-casacoco.com\/?s={search_term_string}\"},\"query-input\":{\"@type\":\"PropertyValueSpecification\",\"valueRequired\":true,\"valueName\":\"search_term_string\"}}],\"inLanguage\":\"en-GB\"},{\"@type\":[\"Person\",\"Organization\"],\"@id\":\"https:\/\/villa-casacoco.com\/#\/schema\/person\/9d35bf5ab114409ecd78a9fdb4af44fe\",\"name\":\"admin8823\",\"image\":{\"@type\":\"ImageObject\",\"inLanguage\":\"en-GB\",\"@id\":\"https:\/\/villa-casacoco.com\/wp-content\/uploads\/2020\/02\/Logo-CASA-COCO.jpg\",\"url\":\"https:\/\/villa-casacoco.com\/wp-content\/uploads\/2020\/02\/Logo-CASA-COCO.jpg\",\"contentUrl\":\"https:\/\/villa-casacoco.com\/wp-content\/uploads\/2020\/02\/Logo-CASA-COCO.jpg\",\"width\":1659,\"height\":1781,\"caption\":\"admin8823\"},\"logo\":{\"@id\":\"https:\/\/villa-casacoco.com\/wp-content\/uploads\/2020\/02\/Logo-CASA-COCO.jpg\"},\"sameAs\":[\"https:\/\/villa-casacoco.com\"]}]}<\/script>\n<!-- \/ Yoast SEO plugin. -->","yoast_head_json":{"title":"Terms and conditions of sale - Villa Casa Coco","description":"You will find all our terms and conditions here, to help you have a pleasant stay. We advise you to read our conditions before booking.","robots":{"index":"index","follow":"follow","max-snippet":"max-snippet:-1","max-image-preview":"max-image-preview:large","max-video-preview":"max-video-preview:-1"},"canonical":"https:\/\/villa-casacoco.com\/en\/conditions-generales-vente\/","og_locale":"en_GB","og_type":"article","og_title":"Conditions g\u00e9n\u00e9rales de vente (CGV) - Villa Casa Coco","og_description":"Retrouvez ici toutes nos CGV, afin de passer un agr\u00e9able s\u00e9jour. Nous vous conseillons de lire nos conditions avant r\u00e9servation.","og_url":"https:\/\/villa-casacoco.com\/en\/conditions-generales-vente\/","og_site_name":"Villa Casa Coco","article_modified_time":"2025-04-22T15:47:19+00:00","og_image":[{"width":1920,"height":2560,"url":"https:\/\/villa-casacoco.com\/wp-content\/uploads\/2022\/11\/fleur_casa-coco-min-scaled.jpg","type":"image\/jpeg"}],"schema":{"@context":"https:\/\/schema.org","@graph":[{"@type":"WebPage","@id":"https:\/\/villa-casacoco.com\/conditions-generales-vente\/","url":"https:\/\/villa-casacoco.com\/conditions-generales-vente\/","name":"Terms and conditions of sale - Villa Casa Coco","isPartOf":{"@id":"https:\/\/villa-casacoco.com\/#website"},"primaryImageOfPage":{"@id":"https:\/\/villa-casacoco.com\/conditions-generales-vente\/#primaryimage"},"image":{"@id":"https:\/\/villa-casacoco.com\/conditions-generales-vente\/#primaryimage"},"thumbnailUrl":"https:\/\/villa-casacoco.com\/wp-content\/uploads\/2022\/11\/fleur_casa-coco-min-scaled.jpg","datePublished":"2022-10-24T08:21:35+00:00","dateModified":"2025-04-22T15:47:19+00:00","description":"You will find all our terms and conditions here, to help you have a pleasant stay. We advise you to read our conditions before booking.","breadcrumb":{"@id":"https:\/\/villa-casacoco.com\/conditions-generales-vente\/#breadcrumb"},"inLanguage":"en-GB","potentialAction":[{"@type":"ReadAction","target":["https:\/\/villa-casacoco.com\/conditions-generales-vente\/"]}]},{"@type":"ImageObject","inLanguage":"en-GB","@id":"https:\/\/villa-casacoco.com\/conditions-generales-vente\/#primaryimage","url":"https:\/\/villa-casacoco.com\/wp-content\/uploads\/2022\/11\/fleur_casa-coco-min-scaled.jpg","contentUrl":"https:\/\/villa-casacoco.com\/wp-content\/uploads\/2022\/11\/fleur_casa-coco-min-scaled.jpg","width":1920,"height":2560,"caption":"Vue mer, Piscine, Villa, Cosy, Calme, Martinique, Location, Casa Coco"},{"@type":"BreadcrumbList","@id":"https:\/\/villa-casacoco.com\/conditions-generales-vente\/#breadcrumb","itemListElement":[{"@type":"ListItem","position":1,"name":"Accueil","item":"https:\/\/villa-casacoco.com\/"},{"@type":"ListItem","position":2,"name":"CGV"}]},{"@type":"WebSite","@id":"https:\/\/villa-casacoco.com\/#website","url":"https:\/\/villa-casacoco.com\/","name":"Villa Casa Coco","description":"Dream rental in Martinique","publisher":{"@id":"https:\/\/villa-casacoco.com\/#\/schema\/person\/9d35bf5ab114409ecd78a9fdb4af44fe"},"alternateName":"Casa Coco","potentialAction":[{"@type":"SearchAction","target":{"@type":"EntryPoint","urlTemplate":"https:\/\/villa-casacoco.com\/?s={search_term_string}"},"query-input":{"@type":"PropertyValueSpecification","valueRequired":true,"valueName":"search_term_string"}}],"inLanguage":"en-GB"},{"@type":["Person","Organization"],"@id":"https:\/\/villa-casacoco.com\/#\/schema\/person\/9d35bf5ab114409ecd78a9fdb4af44fe","name":"admin8823","image":{"@type":"ImageObject","inLanguage":"en-GB","@id":"https:\/\/villa-casacoco.com\/wp-content\/uploads\/2020\/02\/Logo-CASA-COCO.jpg","url":"https:\/\/villa-casacoco.com\/wp-content\/uploads\/2020\/02\/Logo-CASA-COCO.jpg","contentUrl":"https:\/\/villa-casacoco.com\/wp-content\/uploads\/2020\/02\/Logo-CASA-COCO.jpg","width":1659,"height":1781,"caption":"admin8823"},"logo":{"@id":"https:\/\/villa-casacoco.com\/wp-content\/uploads\/2020\/02\/Logo-CASA-COCO.jpg"},"sameAs":["https:\/\/villa-casacoco.com"]}]}},"_links":{"self":[{"href":"https:\/\/villa-casacoco.com\/en\/wp-json\/wp\/v2\/pages\/13300","targetHints":{"allow":["GET"]}}],"collection":[{"href":"https:\/\/villa-casacoco.com\/en\/wp-json\/wp\/v2\/pages"}],"about":[{"href":"https:\/\/villa-casacoco.com\/en\/wp-json\/wp\/v2\/types\/page"}],"author":[{"embeddable":true,"href":"https:\/\/villa-casacoco.com\/en\/wp-json\/wp\/v2\/users\/1"}],"replies":[{"embeddable":true,"href":"https:\/\/villa-casacoco.com\/en\/wp-json\/wp\/v2\/comments?post=13300"}],"version-history":[{"count":35,"href":"https:\/\/villa-casacoco.com\/en\/wp-json\/wp\/v2\/pages\/13300\/revisions"}],"predecessor-version":[{"id":16180,"href":"https:\/\/villa-casacoco.com\/en\/wp-json\/wp\/v2\/pages\/13300\/revisions\/16180"}],"wp:featuredmedia":[{"embeddable":true,"href":"https:\/\/villa-casacoco.com\/en\/wp-json\/wp\/v2\/media\/13812"}],"wp:attachment":[{"href":"https:\/\/villa-casacoco.com\/en\/wp-json\/wp\/v2\/media?parent=13300"}],"curies":[{"name":"wp","href":"https:\/\/api.w.org\/{rel}","templated":true}]}}